{"id":100667,"date":"2024-11-07T20:45:07","date_gmt":"2024-11-07T19:45:07","guid":{"rendered":"https:\/\/nice-paneli.com\/?page_id=100667"},"modified":"2024-11-19T06:27:02","modified_gmt":"2024-11-19T05:27:02","slug":"alu-glass","status":"publish","type":"page","link":"https:\/\/nice-paneli.com\/de\/alu-glass\/","title":{"rendered":"ALU\/glass"},"content":{"rendered":"<p>[et_pb_section fb_built=&#8221;1&#8243; _builder_version=&#8221;4.27.2&#8243; _module_preset=&#8221;default&#8221; global_colors_info=&#8221;{}&#8221;][et_pb_row _builder_version=&#8221;4.27.2&#8243; _module_preset=&#8221;default&#8221; global_colors_info=&#8221;{}&#8221;][et_pb_column type=&#8221;4_4&#8243; _builder_version=&#8221;4.27.2&#8243; _module_preset=&#8221;default&#8221; global_colors_info=&#8221;{}&#8221;][et_pb_heading title=&#8221;Linija \u201cLuxury\u201d \u2013 dekorativni paneli ALU\/staklo&#8221; _builder_version=&#8221;4.27.2&#8243; _module_preset=&#8221;default&#8221; title_text_align=&#8221;center&#8221; hover_enabled=&#8221;0&#8243; sticky_enabled=&#8221;0&#8243;][\/et_pb_heading][et_pb_text _builder_version=&#8221;4.27.2&#8243; _module_preset=&#8221;default&#8221; hover_enabled=&#8221;0&#8243; sticky_enabled=&#8221;0&#8243;]<\/p>\n<p>Die Paneele im Luxury-Programm sind ohne Verst\u00e4rkung (OS). Die Plattenst\u00e4rken k\u00f6nnen zwischen 48 mm und 120 mm liegen.<\/p>\n<p>Die Verglasung von F\u00fcllungen im Luxury-Programm mit einer Dicke von 48 mm und mehr erfolgt je nach Dicke der F\u00fcllung drei \u2013 oder vierlagig.<\/p>\n<p>Die Haust\u00fcrf\u00fcllungen k\u00f6nnen ausschlie\u00dflich einseitig oder beidseitig verdeckter Fl\u00fcgel sein.<\/p>\n<p>Die Au\u00dfenverkleidung besteht aus 6 mm starkem ESG-Glas in RAL 9005.<\/p>\n<p>F\u00fcllungs-Innenfarben im Luxury-Programm sind in zwei Gruppen unterteilt:<\/p>\n<ul>\n<li>Standard \u2013 13 Farben werden angeboten.<\/li>\n<li>Sonder \u2013 Aluminium-Holzdekor und alle Aluminiumfarben aus der RAL-Karte<\/li>\n<\/ul>\n<p>Wir empfehlen Ihnen, den Anhang zu<span>\u00a0<\/span><a href=\"https:\/\/grad-export.hr\/web\/wp-content\/uploads\/HR-karakteristike-rustic-luxury.pdf\" target=\"_blank\" rel=\"noopener\">Anhang zu technischen Eigenschaften, Details und Zubeh\u00f6r<\/a>.<\/p>\n<p>[\/et_pb_text][\/et_pb_column][\/et_pb_row][\/et_pb_section]<\/p>","protected":false},"excerpt":{"rendered":"<p>Paneli u programu Luxury su bez oja\u010danja (OS). Debljine panela mogu biti od 48 mm \u2013 120 mm. Ostakljenje panela u programu Luxury debljine je 48 mm i vi\u0161e, troslojno ili \u010detveroslojno, ovisno o debljini panela. Izvedbe panela mogu biti isklju\u010divo skriveno krilo jednostrano ili obostrano. Vanjske obloga je ESG staklo debljine 6 mm u [&hellip;]<\/p>","protected":false},"author":1,"featured_media":0,"parent":0,"menu_order":0,"comment_status":"closed","ping_status":"closed","template":"","meta":{"_acf_changed":false,"_et_pb_use_builder":"on","_et_pb_old_content":"","_et_gb_content_width":"","footnotes":""},"class_list":["post-100667","page","type-page","status-publish","hentry"],"acf":[],"yoast_head":"<!-- This site is optimized with the Yoast SEO plugin v24.3 - https:\/\/yoast.com\/wordpress\/plugins\/seo\/ -->\n<title>ALU\/glass - Vrhunski PVC paneli: Nice-paneli<\/title>\n<meta name=\"robots\" content=\"index, follow, max-snippet:-1, max-image-preview:large, max-video-preview:-1\" \/>\n<link rel=\"canonical\" href=\"https:\/\/nice-paneli.com\/de\/alu-glass\/\" \/>\n<meta property=\"og:locale\" content=\"de_DE\" \/>\n<meta property=\"og:type\" content=\"article\" \/>\n<meta property=\"og:title\" content=\"ALU\/glass - Vrhunski PVC paneli: Nice-paneli\" \/>\n<meta property=\"og:description\" content=\"Paneli u programu Luxury su bez oja\u010danja (OS). Debljine panela mogu biti od 48 mm \u2013 120 mm. Ostakljenje panela u programu Luxury debljine je 48 mm i vi\u0161e, troslojno ili \u010detveroslojno, ovisno o debljini panela. Izvedbe panela mogu biti isklju\u010divo skriveno krilo jednostrano ili obostrano. Vanjske obloga je ESG staklo debljine 6 mm u [&hellip;]\" \/>\n<meta property=\"og:url\" content=\"https:\/\/nice-paneli.com\/de\/alu-glass\/\" \/>\n<meta property=\"og:site_name\" content=\"Vrhunski PVC paneli: Nice-paneli\" \/>\n<meta property=\"article:modified_time\" content=\"2024-11-19T05:27:02+00:00\" \/>\n<meta name=\"twitter:card\" content=\"summary_large_image\" \/>\n<meta name=\"twitter:label1\" content=\"Gesch\u00e4tzte Lesezeit\" \/>\n\t<meta name=\"twitter:data1\" content=\"1\u00a0Minute\" \/>\n<script type=\"application\/ld+json\" class=\"yoast-schema-graph\">{\"@context\":\"https:\/\/schema.org\",\"@graph\":[{\"@type\":\"WebPage\",\"@id\":\"https:\/\/nice-paneli.com\/alu-glass\/\",\"url\":\"https:\/\/nice-paneli.com\/alu-glass\/\",\"name\":\"ALU\/glass - Vrhunski PVC paneli: Nice-paneli\",\"isPartOf\":{\"@id\":\"https:\/\/nice-paneli.com\/de\/#website\"},\"datePublished\":\"2024-11-07T19:45:07+00:00\",\"dateModified\":\"2024-11-19T05:27:02+00:00\",\"breadcrumb\":{\"@id\":\"https:\/\/nice-paneli.com\/alu-glass\/#breadcrumb\"},\"inLanguage\":\"de\",\"potentialAction\":[{\"@type\":\"ReadAction\",\"target\":[\"https:\/\/nice-paneli.com\/alu-glass\/\"]}]},{\"@type\":\"BreadcrumbList\",\"@id\":\"https:\/\/nice-paneli.com\/alu-glass\/#breadcrumb\",\"itemListElement\":[{\"@type\":\"ListItem\",\"position\":1,\"name\":\"Home\",\"item\":\"https:\/\/nice-paneli.com\/\"},{\"@type\":\"ListItem\",\"position\":2,\"name\":\"ALU\/glass\"}]},{\"@type\":\"WebSite\",\"@id\":\"https:\/\/nice-paneli.com\/de\/#website\",\"url\":\"https:\/\/nice-paneli.com\/de\/\",\"name\":\"Vrhunski PVC paneli: Nice-paneli\",\"description\":\"TOP PVC, ALU i HLP paneli za va\u0161 dom ili poslovni prostor\",\"publisher\":{\"@id\":\"https:\/\/nice-paneli.com\/de\/#organization\"},\"potentialAction\":[{\"@type\":\"SearchAction\",\"target\":{\"@type\":\"EntryPoint\",\"urlTemplate\":\"https:\/\/nice-paneli.com\/de\/?s={search_term_string}\"},\"query-input\":{\"@type\":\"PropertyValueSpecification\",\"valueRequired\":true,\"valueName\":\"search_term_string\"}}],\"inLanguage\":\"de\"},{\"@type\":\"Organization\",\"@id\":\"https:\/\/nice-paneli.com\/de\/#organization\",\"name\":\"Vrhunski PVC paneli: Nice-paneli\",\"url\":\"https:\/\/nice-paneli.com\/de\/\",\"logo\":{\"@type\":\"ImageObject\",\"inLanguage\":\"de\",\"@id\":\"https:\/\/nice-paneli.com\/de\/#\/schema\/logo\/image\/\",\"url\":\"https:\/\/nice-paneli.com\/wp-content\/uploads\/2025\/01\/android-chrome-512x512-1.png\",\"contentUrl\":\"https:\/\/nice-paneli.com\/wp-content\/uploads\/2025\/01\/android-chrome-512x512-1.png\",\"width\":512,\"height\":512,\"caption\":\"Vrhunski PVC paneli: Nice-paneli\"},\"image\":{\"@id\":\"https:\/\/nice-paneli.com\/de\/#\/schema\/logo\/image\/\"}}]}<\/script>\n<!-- \/ Yoast SEO plugin. -->","yoast_head_json":{"title":"ALU\/glass - Vrhunski PVC paneli: Nice-paneli","robots":{"index":"index","follow":"follow","max-snippet":"max-snippet:-1","max-image-preview":"max-image-preview:large","max-video-preview":"max-video-preview:-1"},"canonical":"https:\/\/nice-paneli.com\/de\/alu-glass\/","og_locale":"de_DE","og_type":"article","og_title":"ALU\/glass - Vrhunski PVC paneli: Nice-paneli","og_description":"Paneli u programu Luxury su bez oja\u010danja (OS). Debljine panela mogu biti od 48 mm \u2013 120 mm. Ostakljenje panela u programu Luxury debljine je 48 mm i vi\u0161e, troslojno ili \u010detveroslojno, ovisno o debljini panela. Izvedbe panela mogu biti isklju\u010divo skriveno krilo jednostrano ili obostrano. Vanjske obloga je ESG staklo debljine 6 mm u [&hellip;]","og_url":"https:\/\/nice-paneli.com\/de\/alu-glass\/","og_site_name":"Vrhunski PVC paneli: Nice-paneli","article_modified_time":"2024-11-19T05:27:02+00:00","twitter_card":"summary_large_image","twitter_misc":{"Gesch\u00e4tzte Lesezeit":"1\u00a0Minute"},"schema":{"@context":"https:\/\/schema.org","@graph":[{"@type":"WebPage","@id":"https:\/\/nice-paneli.com\/alu-glass\/","url":"https:\/\/nice-paneli.com\/alu-glass\/","name":"ALU\/glass - Vrhunski PVC paneli: Nice-paneli","isPartOf":{"@id":"https:\/\/nice-paneli.com\/de\/#website"},"datePublished":"2024-11-07T19:45:07+00:00","dateModified":"2024-11-19T05:27:02+00:00","breadcrumb":{"@id":"https:\/\/nice-paneli.com\/alu-glass\/#breadcrumb"},"inLanguage":"de","potentialAction":[{"@type":"ReadAction","target":["https:\/\/nice-paneli.com\/alu-glass\/"]}]},{"@type":"BreadcrumbList","@id":"https:\/\/nice-paneli.com\/alu-glass\/#breadcrumb","itemListElement":[{"@type":"ListItem","position":1,"name":"Home","item":"https:\/\/nice-paneli.com\/"},{"@type":"ListItem","position":2,"name":"ALU\/glass"}]},{"@type":"WebSite","@id":"https:\/\/nice-paneli.com\/de\/#website","url":"https:\/\/nice-paneli.com\/de\/","name":"Vrhunski PVC paneli: Nice-paneli","description":"TOP PVC, ALU i HLP paneli za va\u0161 dom ili poslovni prostor","publisher":{"@id":"https:\/\/nice-paneli.com\/de\/#organization"},"potentialAction":[{"@type":"SearchAction","target":{"@type":"EntryPoint","urlTemplate":"https:\/\/nice-paneli.com\/de\/?s={search_term_string}"},"query-input":{"@type":"PropertyValueSpecification","valueRequired":true,"valueName":"search_term_string"}}],"inLanguage":"de"},{"@type":"Organization","@id":"https:\/\/nice-paneli.com\/de\/#organization","name":"Vrhunski PVC paneli: Nice-paneli","url":"https:\/\/nice-paneli.com\/de\/","logo":{"@type":"ImageObject","inLanguage":"de","@id":"https:\/\/nice-paneli.com\/de\/#\/schema\/logo\/image\/","url":"https:\/\/nice-paneli.com\/wp-content\/uploads\/2025\/01\/android-chrome-512x512-1.png","contentUrl":"https:\/\/nice-paneli.com\/wp-content\/uploads\/2025\/01\/android-chrome-512x512-1.png","width":512,"height":512,"caption":"Vrhunski PVC paneli: Nice-paneli"},"image":{"@id":"https:\/\/nice-paneli.com\/de\/#\/schema\/logo\/image\/"}}]}},"_links":{"self":[{"href":"https:\/\/nice-paneli.com\/de\/wp-json\/wp\/v2\/pages\/100667","targetHints":{"allow":["GET"]}}],"collection":[{"href":"https:\/\/nice-paneli.com\/de\/wp-json\/wp\/v2\/pages"}],"about":[{"href":"https:\/\/nice-paneli.com\/de\/wp-json\/wp\/v2\/types\/page"}],"author":[{"embeddable":true,"href":"https:\/\/nice-paneli.com\/de\/wp-json\/wp\/v2\/users\/1"}],"replies":[{"embeddable":true,"href":"https:\/\/nice-paneli.com\/de\/wp-json\/wp\/v2\/comments?post=100667"}],"version-history":[{"count":4,"href":"https:\/\/nice-paneli.com\/de\/wp-json\/wp\/v2\/pages\/100667\/revisions"}],"predecessor-version":[{"id":100762,"href":"https:\/\/nice-paneli.com\/de\/wp-json\/wp\/v2\/pages\/100667\/revisions\/100762"}],"wp:attachment":[{"href":"https:\/\/nice-paneli.com\/de\/wp-json\/wp\/v2\/media?parent=100667"}],"curies":[{"name":"wp","href":"https:\/\/api.w.org\/{rel}","templated":true}]}}