{"id":102840,"date":"2024-11-25T05:04:57","date_gmt":"2024-11-25T04:04:57","guid":{"rendered":"https:\/\/nice-paneli.com\/?page_id=102840"},"modified":"2024-11-26T08:09:27","modified_gmt":"2024-11-26T07:09:27","slug":"linija-luxury-dekorativni-paneli-alu-staklo","status":"publish","type":"page","link":"https:\/\/nice-paneli.com\/en\/linija-luxury-dekorativni-paneli-alu-staklo\/","title":{"rendered":"\u201cLuxury\u201d \u2013 aluminium\/glass decorative door panels"},"content":{"rendered":"<p>[et_pb_section fb_built=&#8221;1&#8243; _builder_version=&#8221;4.27.2&#8243; _module_preset=&#8221;default&#8221; custom_padding=&#8221;4px|||||&#8221; hover_enabled=&#8221;0&#8243; locked=&#8221;off&#8221; global_colors_info=&#8221;{}&#8221; max_width=&#8221;1400px&#8221; module_alignment=&#8221;center&#8221; sticky_enabled=&#8221;0&#8243;][et_pb_row _builder_version=&#8221;4.27.2&#8243; _module_preset=&#8221;default&#8221; global_colors_info=&#8221;{}&#8221;][et_pb_column type=&#8221;4_4&#8243; _builder_version=&#8221;4.27.2&#8243; _module_preset=&#8221;default&#8221; global_colors_info=&#8221;{}&#8221;][lwp_divi_breadcrumbs font_icon=&#8221;&#x35;||divi||400&#8243; link_color=&#8221;#000000&#8243; _builder_version=&#8221;4.27.2&#8243; _module_preset=&#8221;default&#8221; global_colors_info=&#8221;{}&#8221;][\/lwp_divi_breadcrumbs][et_pb_heading title=&#8221;Linija \u201cLuxury\u201d \u2013 dekorativni paneli ALU\/staklo&#8221; _builder_version=&#8221;4.27.2&#8243; _module_preset=&#8221;default&#8221; title_font=&#8221;Play||||||||&#8221; title_font_size=&#8221;38px&#8221; global_colors_info=&#8221;{}&#8221;][\/et_pb_heading][et_pb_text _builder_version=&#8221;4.27.2&#8243; _module_preset=&#8221;default&#8221; text_font=&#8221;Verdana||||||||&#8221; text_font_size=&#8221;14px&#8221; global_colors_info=&#8221;{}&#8221;]<\/p>\n<p>The panels in the Luxury program are produced without reinforcement (OS).<\/p>\n<p>Panel thicknesses can be from 48 mm to 120 mm. Glazing of panels in the Luxury program can be 48 or more milimeters thick, as well as three-layer or four-layer, depending on the thickness of the panel.<\/p>\n<p>The panel designs is exclusively a hidden sash (one-side or both sides).<\/p>\n<p>The exterior part of panel is 6 mm thick ESG glass in RAL 9005.<\/p>\n<p>Interior panel colors in the Luxury program are divided into two groups:<\/p>\n<ul>\n<li>standard \u2013 13 colors are offered<\/li>\n<li>special \u2013 aluminum wood decors and all aluminum colors from the RAL map are offered.<\/li>\n<\/ul>\n<p>[\/et_pb_text][et_pb_text _builder_version=&#8221;4.27.2&#8243; _module_preset=&#8221;default&#8221; text_font=&#8221;Verdana||||||||&#8221; text_font_size=&#8221;14px&#8221; global_colors_info=&#8221;{}&#8221;]<\/p>\n<p><span>We recommend that you carefully study the attachment on\u00a0<\/span><span style=\"text-decoration: underline; color: #333333;\"><a href=\"#\" style=\"color: #333333; text-decoration: underline;\">attachment on technical characteristics, details and accessories.<\/a><\/span><\/p>\n<p>[\/et_pb_text][et_pb_text _builder_version=&#8221;4.27.2&#8243; _module_preset=&#8221;default&#8221; text_font=&#8221;Verdana||||||||&#8221; text_font_size=&#8221;14px&#8221; global_colors_info=&#8221;{}&#8221;]<\/p>\n<p><strong>LUXURY<\/strong><\/p>\n<p>[\/et_pb_text][\/et_pb_column][\/et_pb_row][et_pb_row column_structure=&#8221;1_6,1_6,1_6,1_6,1_6,1_6&#8243; module_class=&#8221;flex-mobile&#8221; _builder_version=&#8221;4.27.2&#8243; _module_preset=&#8221;default&#8221; global_colors_info=&#8221;{}&#8221;][et_pb_column type=&#8221;1_6&#8243; _builder_version=&#8221;4.27.2&#8243; _module_preset=&#8221;default&#8221; global_colors_info=&#8221;{}&#8221;][et_pb_image src=&#8221;https:\/\/nice-paneli.com\/wp-content\/uploads\/2024\/11\/chcago-thmb.png&#8221; title_text=&#8221;chcago-thmb&#8221; url=&#8221;https:\/\/nice-paneli.com\/item\/luxury-model-chicago\/&#8221; _builder_version=&#8221;4.27.2&#8243; _module_preset=&#8221;default&#8221; width=&#8221;65px&#8221; custom_margin=&#8221;||13px|||&#8221; global_colors_info=&#8221;{}&#8221;][\/et_pb_image][et_pb_divider color=&#8221;#000000&#8243; _builder_version=&#8221;4.27.2&#8243; _module_preset=&#8221;default&#8221; width=&#8221;30px&#8221; custom_margin=&#8221;0px||0px||true|false&#8221; custom_padding=&#8221;0px||0px||true|false&#8221; global_colors_info=&#8221;{}&#8221;][\/et_pb_divider][et_pb_text _builder_version=&#8221;4.27.2&#8243; _module_preset=&#8221;default&#8221; text_font=&#8221;Verdana||||||||&#8221; text_font_size=&#8221;14px&#8221; header_font=&#8221;Verdana||||||||&#8221; custom_margin=&#8221;-10px||0px||false|false&#8221; custom_padding=&#8221;0px||0px||true|false&#8221; global_colors_info=&#8221;{}&#8221;]<\/p>\n<p>Chicago<\/p>\n<p>[\/et_pb_text][\/et_pb_column][et_pb_column type=&#8221;1_6&#8243; _builder_version=&#8221;4.27.2&#8243; _module_preset=&#8221;default&#8221; global_colors_info=&#8221;{}&#8221;][et_pb_image src=&#8221;https:\/\/nice-paneli.com\/wp-content\/uploads\/2024\/11\/dlls-thmb.png&#8221; title_text=&#8221;dlls-thmb&#8221; url=&#8221;https:\/\/nice-paneli.com\/item\/luxury-model-dallas\/&#8221; _builder_version=&#8221;4.27.2&#8243; _module_preset=&#8221;default&#8221; width=&#8221;65px&#8221; custom_margin=&#8221;||13px|||&#8221; global_colors_info=&#8221;{}&#8221;][\/et_pb_image][et_pb_divider color=&#8221;#000000&#8243; _builder_version=&#8221;4.27.2&#8243; _module_preset=&#8221;default&#8221; width=&#8221;30px&#8221; custom_margin=&#8221;0px||0px||true|false&#8221; custom_padding=&#8221;0px||0px||true|false&#8221; global_colors_info=&#8221;{}&#8221;][\/et_pb_divider][et_pb_text _builder_version=&#8221;4.27.2&#8243; _module_preset=&#8221;default&#8221; text_font=&#8221;Verdana||||||||&#8221; text_font_size=&#8221;14px&#8221; header_font=&#8221;Verdana||||||||&#8221; custom_margin=&#8221;-10px||0px||false|false&#8221; custom_padding=&#8221;0px||0px||true|false&#8221; global_colors_info=&#8221;{}&#8221;]<\/p>\n<p>Dallas<\/p>\n<p>[\/et_pb_text][\/et_pb_column][et_pb_column type=&#8221;1_6&#8243; _builder_version=&#8221;4.27.2&#8243; _module_preset=&#8221;default&#8221; global_colors_info=&#8221;{}&#8221;][et_pb_image src=&#8221;https:\/\/nice-paneli.com\/wp-content\/uploads\/2024\/11\/miami-thmb.png&#8221; title_text=&#8221;miami-thmb&#8221; url=&#8221;https:\/\/nice-paneli.com\/item\/luxury-model-miami\/&#8221; _builder_version=&#8221;4.27.2&#8243; _module_preset=&#8221;default&#8221; width=&#8221;65px&#8221; custom_margin=&#8221;||13px|||&#8221; global_colors_info=&#8221;{}&#8221;][\/et_pb_image][et_pb_divider color=&#8221;#000000&#8243; _builder_version=&#8221;4.27.2&#8243; _module_preset=&#8221;default&#8221; width=&#8221;30px&#8221; custom_margin=&#8221;0px||0px||true|false&#8221; custom_padding=&#8221;0px||0px||true|false&#8221; global_colors_info=&#8221;{}&#8221;][\/et_pb_divider][et_pb_text _builder_version=&#8221;4.27.2&#8243; _module_preset=&#8221;default&#8221; text_font=&#8221;Verdana||||||||&#8221; text_font_size=&#8221;14px&#8221; header_font=&#8221;Verdana||||||||&#8221; custom_margin=&#8221;-10px||0px||false|false&#8221; custom_padding=&#8221;0px||0px||true|false&#8221; global_colors_info=&#8221;{}&#8221;]<\/p>\n<p>Miami<\/p>\n<p>[\/et_pb_text][\/et_pb_column][et_pb_column type=&#8221;1_6&#8243; _builder_version=&#8221;4.27.2&#8243; _module_preset=&#8221;default&#8221; global_colors_info=&#8221;{}&#8221;][et_pb_image src=&#8221;https:\/\/nice-paneli.com\/wp-content\/uploads\/2024\/11\/nyork-thumb.png&#8221; title_text=&#8221;nyork-thumb&#8221; url=&#8221;https:\/\/nice-paneli.com\/item\/luxury-model-new-york\/&#8221; _builder_version=&#8221;4.27.2&#8243; _module_preset=&#8221;default&#8221; width=&#8221;65px&#8221; custom_margin=&#8221;||13px|||&#8221; global_colors_info=&#8221;{}&#8221;][\/et_pb_image][et_pb_divider color=&#8221;#000000&#8243; _builder_version=&#8221;4.27.2&#8243; _module_preset=&#8221;default&#8221; width=&#8221;30px&#8221; custom_margin=&#8221;0px||0px||true|false&#8221; custom_padding=&#8221;0px||0px||true|false&#8221; global_colors_info=&#8221;{}&#8221;][\/et_pb_divider][et_pb_text _builder_version=&#8221;4.27.2&#8243; _module_preset=&#8221;default&#8221; text_font=&#8221;Verdana||||||||&#8221; text_font_size=&#8221;14px&#8221; header_font=&#8221;Verdana||||||||&#8221; custom_margin=&#8221;-10px||0px||false|false&#8221; custom_padding=&#8221;0px||0px||true|false&#8221; global_colors_info=&#8221;{}&#8221;]<\/p>\n<p>New York<\/p>\n<p>[\/et_pb_text][\/et_pb_column][et_pb_column type=&#8221;1_6&#8243; _builder_version=&#8221;4.27.2&#8243; _module_preset=&#8221;default&#8221; global_colors_info=&#8221;{}&#8221;][et_pb_image src=&#8221;https:\/\/nice-paneli.com\/wp-content\/uploads\/2024\/11\/wash-thmb.png&#8221; title_text=&#8221;wash-thmb&#8221; url=&#8221;https:\/\/nice-paneli.com\/item\/luxury-model-washington\/&#8221; _builder_version=&#8221;4.27.2&#8243; _module_preset=&#8221;default&#8221; width=&#8221;65px&#8221; custom_margin=&#8221;||13px|||&#8221; global_colors_info=&#8221;{}&#8221;][\/et_pb_image][et_pb_divider color=&#8221;#000000&#8243; _builder_version=&#8221;4.27.2&#8243; _module_preset=&#8221;default&#8221; width=&#8221;30px&#8221; custom_margin=&#8221;0px||0px||true|false&#8221; custom_padding=&#8221;0px||0px||true|false&#8221; global_colors_info=&#8221;{}&#8221;][\/et_pb_divider][et_pb_text _builder_version=&#8221;4.27.2&#8243; _module_preset=&#8221;default&#8221; text_font=&#8221;Verdana||||||||&#8221; text_font_size=&#8221;14px&#8221; header_font=&#8221;Verdana||||||||&#8221; custom_margin=&#8221;-10px||0px||false|false&#8221; custom_padding=&#8221;0px||0px||true|false&#8221; global_colors_info=&#8221;{}&#8221;]<\/p>\n<p>Washington<\/p>\n<p>[\/et_pb_text][\/et_pb_column][et_pb_column type=&#8221;1_6&#8243; _builder_version=&#8221;4.27.2&#8243; _module_preset=&#8221;default&#8221; global_colors_info=&#8221;{}&#8221;][\/et_pb_column][\/et_pb_row][et_pb_row column_structure=&#8221;1_3,1_3,1_3&#8243; make_equal=&#8221;on&#8221; _builder_version=&#8221;4.27.2&#8243; _module_preset=&#8221;default&#8221; global_colors_info=&#8221;{}&#8221;][et_pb_column type=&#8221;1_3&#8243; _builder_version=&#8221;4.27.2&#8243; _module_preset=&#8221;default&#8221; global_colors_info=&#8221;{}&#8221;][et_pb_image src=&#8221;https:\/\/nice-paneli.com\/wp-content\/uploads\/2024\/11\/luxuryline.png&#8221; title_text=&#8221;luxuryline&#8221; show_in_lightbox=&#8221;on&#8221; _builder_version=&#8221;4.27.2&#8243; _module_preset=&#8221;default&#8221; global_colors_info=&#8221;{}&#8221;][\/et_pb_image][\/et_pb_column][et_pb_column type=&#8221;1_3&#8243; _builder_version=&#8221;4.27.2&#8243; _module_preset=&#8221;default&#8221; global_colors_info=&#8221;{}&#8221;][et_pb_text _builder_version=&#8221;4.27.2&#8243; _module_preset=&#8221;default&#8221; positioning=&#8221;absolute&#8221; position_origin_a=&#8221;center_center&#8221; vertical_offset=&#8221;0px&#8221; position_origin_a_tablet=&#8221;center_center&#8221; position_origin_a_phone=&#8221;top_center&#8221; position_origin_a_last_edited=&#8221;on|phone&#8221; position_origin_f_tablet=&#8221;&#8221; position_origin_f_phone=&#8221;&#8221; position_origin_f_last_edited=&#8221;on|phone&#8221; position_origin_r_tablet=&#8221;&#8221; position_origin_r_phone=&#8221;&#8221; position_origin_r_last_edited=&#8221;on|phone&#8221; width=&#8221;100%&#8221; positioning_tablet=&#8221;absolute&#8221; positioning_phone=&#8221;absolute&#8221; positioning_last_edited=&#8221;on|phone&#8221; global_colors_info=&#8221;{}&#8221;]<\/p>\n<p>Decorative door panels \u201cLuxury\u201d, panel cross-section (click to enlarge)<\/p>\n<p>[\/et_pb_text][\/et_pb_column][et_pb_column type=&#8221;1_3&#8243; _builder_version=&#8221;4.27.2&#8243; _module_preset=&#8221;default&#8221; global_colors_info=&#8221;{}&#8221;][\/et_pb_column][\/et_pb_row][\/et_pb_section]<\/p>","protected":false},"excerpt":{"rendered":"<p><div class=\"et_pb_module lwp_divi_breadcrumbs lwp_divi_breadcrumbs_0\">\n\t\t\t\t\n\t\t\t\t\n\t\t\t\t\n\t\t\t\t\n\t\t\t\t\n\t\t\t\t\n\t\t\t\t<div class=\"et_pb_module_inner\">\n\t\t\t\t\t<div class=\"lwp-breadcrumbs\"> <span class=\"before\"><\/span> <span vocab=\"https:\/\/schema.org\/\" typeof=\"BreadcrumbList\"><span property=\"itemListElement\" typeof=\"ListItem\"><a property=\"item\" typeof=\"WebPage\" href=\"https:\/\/nice-paneli.com\/en\/\" class=\"home\"><span property=\"name\">Home<\/span><\/a><meta property=\"position\" content=\"1\"><\/span> <span class=\"separator et-pb-icon\">5<\/span> <\/span><\/div>\n\t\t\t\t<\/div>\n\t\t\t<\/div>Paneli u programu Luxury su bez oja\u010danja (OS). Debljine panela mogu biti od 48 mm \u2013 120 mm. Ostakljenje panela u programu Luxury debljine je 48 mm i vi\u0161e, troslojno ili \u010detveroslojno, ovisno o debljini panela. Izvedbe panela mogu biti isklju\u010divo skriveno krilo jednostrano ili obostrano. Vanjske obloga je ESG [&hellip;]<\/p>","protected":false},"author":1,"featured_media":0,"parent":0,"menu_order":0,"comment_status":"closed","ping_status":"closed","template":"","meta":{"_acf_changed":false,"_et_pb_use_builder":"on","_et_pb_old_content":"","_et_gb_content_width":"","footnotes":""},"class_list":["post-102840","page","type-page","status-publish","hentry"],"acf":[],"yoast_head":"<!-- This site is optimized with the Yoast SEO plugin v24.3 - https:\/\/yoast.com\/wordpress\/plugins\/seo\/ -->\n<title>Linija \u201cLuxury\u201d \u2013 dekorativni paneli ALU\/staklo - Vrhunski PVC paneli: Nice-paneli<\/title>\n<meta name=\"robots\" content=\"index, follow, max-snippet:-1, max-image-preview:large, max-video-preview:-1\" \/>\n<link rel=\"canonical\" href=\"https:\/\/nice-paneli.com\/en\/linija-luxury-dekorativni-paneli-alu-staklo\/\" \/>\n<meta property=\"og:locale\" content=\"en_US\" \/>\n<meta property=\"og:type\" content=\"article\" \/>\n<meta property=\"og:title\" content=\"Linija \u201cLuxury\u201d \u2013 dekorativni paneli ALU\/staklo - Vrhunski PVC paneli: Nice-paneli\" \/>\n<meta property=\"og:description\" content=\"Paneli u programu Luxury su bez oja\u010danja (OS). Debljine panela mogu biti od 48 mm \u2013 120 mm. Ostakljenje panela u programu Luxury debljine je 48 mm i vi\u0161e, troslojno ili \u010detveroslojno, ovisno o debljini panela. Izvedbe panela mogu biti isklju\u010divo skriveno krilo jednostrano ili obostrano. Vanjske obloga je ESG [&hellip;]\" \/>\n<meta property=\"og:url\" content=\"https:\/\/nice-paneli.com\/en\/linija-luxury-dekorativni-paneli-alu-staklo\/\" \/>\n<meta property=\"og:site_name\" content=\"Vrhunski PVC paneli: Nice-paneli\" \/>\n<meta property=\"article:modified_time\" content=\"2024-11-26T07:09:27+00:00\" \/>\n<meta name=\"twitter:card\" content=\"summary_large_image\" \/>\n<meta name=\"twitter:label1\" content=\"Est. reading time\" \/>\n\t<meta name=\"twitter:data1\" content=\"5 minutes\" \/>\n<script type=\"application\/ld+json\" class=\"yoast-schema-graph\">{\"@context\":\"https:\/\/schema.org\",\"@graph\":[{\"@type\":\"WebPage\",\"@id\":\"https:\/\/nice-paneli.com\/linija-luxury-dekorativni-paneli-alu-staklo\/\",\"url\":\"https:\/\/nice-paneli.com\/linija-luxury-dekorativni-paneli-alu-staklo\/\",\"name\":\"Linija \u201cLuxury\u201d \u2013 dekorativni paneli ALU\/staklo - Vrhunski PVC paneli: Nice-paneli\",\"isPartOf\":{\"@id\":\"https:\/\/nice-paneli.com\/de\/#website\"},\"datePublished\":\"2024-11-25T04:04:57+00:00\",\"dateModified\":\"2024-11-26T07:09:27+00:00\",\"breadcrumb\":{\"@id\":\"https:\/\/nice-paneli.com\/linija-luxury-dekorativni-paneli-alu-staklo\/#breadcrumb\"},\"inLanguage\":\"en-US\",\"potentialAction\":[{\"@type\":\"ReadAction\",\"target\":[\"https:\/\/nice-paneli.com\/linija-luxury-dekorativni-paneli-alu-staklo\/\"]}]},{\"@type\":\"BreadcrumbList\",\"@id\":\"https:\/\/nice-paneli.com\/linija-luxury-dekorativni-paneli-alu-staklo\/#breadcrumb\",\"itemListElement\":[{\"@type\":\"ListItem\",\"position\":1,\"name\":\"Home\",\"item\":\"https:\/\/nice-paneli.com\/\"},{\"@type\":\"ListItem\",\"position\":2,\"name\":\"Linija \u201cLuxury\u201d \u2013 dekorativni paneli ALU\/staklo\"}]},{\"@type\":\"WebSite\",\"@id\":\"https:\/\/nice-paneli.com\/de\/#website\",\"url\":\"https:\/\/nice-paneli.com\/de\/\",\"name\":\"Vrhunski PVC paneli: Nice-paneli\",\"description\":\"TOP PVC, ALU i HLP paneli za va\u0161 dom ili poslovni prostor\",\"publisher\":{\"@id\":\"https:\/\/nice-paneli.com\/de\/#organization\"},\"potentialAction\":[{\"@type\":\"SearchAction\",\"target\":{\"@type\":\"EntryPoint\",\"urlTemplate\":\"https:\/\/nice-paneli.com\/de\/?s={search_term_string}\"},\"query-input\":{\"@type\":\"PropertyValueSpecification\",\"valueRequired\":true,\"valueName\":\"search_term_string\"}}],\"inLanguage\":\"en-US\"},{\"@type\":\"Organization\",\"@id\":\"https:\/\/nice-paneli.com\/de\/#organization\",\"name\":\"Vrhunski PVC paneli: Nice-paneli\",\"url\":\"https:\/\/nice-paneli.com\/de\/\",\"logo\":{\"@type\":\"ImageObject\",\"inLanguage\":\"en-US\",\"@id\":\"https:\/\/nice-paneli.com\/de\/#\/schema\/logo\/image\/\",\"url\":\"https:\/\/nice-paneli.com\/wp-content\/uploads\/2025\/01\/android-chrome-512x512-1.png\",\"contentUrl\":\"https:\/\/nice-paneli.com\/wp-content\/uploads\/2025\/01\/android-chrome-512x512-1.png\",\"width\":512,\"height\":512,\"caption\":\"Vrhunski PVC paneli: Nice-paneli\"},\"image\":{\"@id\":\"https:\/\/nice-paneli.com\/de\/#\/schema\/logo\/image\/\"}}]}<\/script>\n<!-- \/ Yoast SEO plugin. -->","yoast_head_json":{"title":"Linija \u201cLuxury\u201d \u2013 dekorativni paneli ALU\/staklo - Vrhunski PVC paneli: Nice-paneli","robots":{"index":"index","follow":"follow","max-snippet":"max-snippet:-1","max-image-preview":"max-image-preview:large","max-video-preview":"max-video-preview:-1"},"canonical":"https:\/\/nice-paneli.com\/en\/linija-luxury-dekorativni-paneli-alu-staklo\/","og_locale":"en_US","og_type":"article","og_title":"Linija \u201cLuxury\u201d \u2013 dekorativni paneli ALU\/staklo - Vrhunski PVC paneli: Nice-paneli","og_description":"Paneli u programu Luxury su bez oja\u010danja (OS). Debljine panela mogu biti od 48 mm \u2013 120 mm. Ostakljenje panela u programu Luxury debljine je 48 mm i vi\u0161e, troslojno ili \u010detveroslojno, ovisno o debljini panela. Izvedbe panela mogu biti isklju\u010divo skriveno krilo jednostrano ili obostrano. Vanjske obloga je ESG [&hellip;]","og_url":"https:\/\/nice-paneli.com\/en\/linija-luxury-dekorativni-paneli-alu-staklo\/","og_site_name":"Vrhunski PVC paneli: Nice-paneli","article_modified_time":"2024-11-26T07:09:27+00:00","twitter_card":"summary_large_image","twitter_misc":{"Est. reading time":"5 minutes"},"schema":{"@context":"https:\/\/schema.org","@graph":[{"@type":"WebPage","@id":"https:\/\/nice-paneli.com\/linija-luxury-dekorativni-paneli-alu-staklo\/","url":"https:\/\/nice-paneli.com\/linija-luxury-dekorativni-paneli-alu-staklo\/","name":"Linija \u201cLuxury\u201d \u2013 dekorativni paneli ALU\/staklo - Vrhunski PVC paneli: Nice-paneli","isPartOf":{"@id":"https:\/\/nice-paneli.com\/de\/#website"},"datePublished":"2024-11-25T04:04:57+00:00","dateModified":"2024-11-26T07:09:27+00:00","breadcrumb":{"@id":"https:\/\/nice-paneli.com\/linija-luxury-dekorativni-paneli-alu-staklo\/#breadcrumb"},"inLanguage":"en-US","potentialAction":[{"@type":"ReadAction","target":["https:\/\/nice-paneli.com\/linija-luxury-dekorativni-paneli-alu-staklo\/"]}]},{"@type":"BreadcrumbList","@id":"https:\/\/nice-paneli.com\/linija-luxury-dekorativni-paneli-alu-staklo\/#breadcrumb","itemListElement":[{"@type":"ListItem","position":1,"name":"Home","item":"https:\/\/nice-paneli.com\/"},{"@type":"ListItem","position":2,"name":"Linija \u201cLuxury\u201d \u2013 dekorativni paneli ALU\/staklo"}]},{"@type":"WebSite","@id":"https:\/\/nice-paneli.com\/de\/#website","url":"https:\/\/nice-paneli.com\/de\/","name":"Vrhunski PVC paneli: Nice-paneli","description":"TOP PVC, ALU i HLP paneli za va\u0161 dom ili poslovni prostor","publisher":{"@id":"https:\/\/nice-paneli.com\/de\/#organization"},"potentialAction":[{"@type":"SearchAction","target":{"@type":"EntryPoint","urlTemplate":"https:\/\/nice-paneli.com\/de\/?s={search_term_string}"},"query-input":{"@type":"PropertyValueSpecification","valueRequired":true,"valueName":"search_term_string"}}],"inLanguage":"en-US"},{"@type":"Organization","@id":"https:\/\/nice-paneli.com\/de\/#organization","name":"Vrhunski PVC paneli: Nice-paneli","url":"https:\/\/nice-paneli.com\/de\/","logo":{"@type":"ImageObject","inLanguage":"en-US","@id":"https:\/\/nice-paneli.com\/de\/#\/schema\/logo\/image\/","url":"https:\/\/nice-paneli.com\/wp-content\/uploads\/2025\/01\/android-chrome-512x512-1.png","contentUrl":"https:\/\/nice-paneli.com\/wp-content\/uploads\/2025\/01\/android-chrome-512x512-1.png","width":512,"height":512,"caption":"Vrhunski PVC paneli: Nice-paneli"},"image":{"@id":"https:\/\/nice-paneli.com\/de\/#\/schema\/logo\/image\/"}}]}},"_links":{"self":[{"href":"https:\/\/nice-paneli.com\/en\/wp-json\/wp\/v2\/pages\/102840","targetHints":{"allow":["GET"]}}],"collection":[{"href":"https:\/\/nice-paneli.com\/en\/wp-json\/wp\/v2\/pages"}],"about":[{"href":"https:\/\/nice-paneli.com\/en\/wp-json\/wp\/v2\/types\/page"}],"author":[{"embeddable":true,"href":"https:\/\/nice-paneli.com\/en\/wp-json\/wp\/v2\/users\/1"}],"replies":[{"embeddable":true,"href":"https:\/\/nice-paneli.com\/en\/wp-json\/wp\/v2\/comments?post=102840"}],"version-history":[{"count":4,"href":"https:\/\/nice-paneli.com\/en\/wp-json\/wp\/v2\/pages\/102840\/revisions"}],"predecessor-version":[{"id":103178,"href":"https:\/\/nice-paneli.com\/en\/wp-json\/wp\/v2\/pages\/102840\/revisions\/103178"}],"wp:attachment":[{"href":"https:\/\/nice-paneli.com\/en\/wp-json\/wp\/v2\/media?parent=102840"}],"curies":[{"name":"wp","href":"https:\/\/api.w.org\/{rel}","templated":true}]}}