{"id":93490,"date":"2024-09-17T07:07:56","date_gmt":"2024-09-17T05:07:56","guid":{"rendered":"http:\/\/twopixels-test-server.nl\/avanti\/?page_id=4002"},"modified":"2025-01-26T23:35:20","modified_gmt":"2025-01-26T22:35:20","slug":"kontakt","status":"publish","type":"page","link":"https:\/\/nice-paneli.com\/en\/kontakt\/","title":{"rendered":"Get in touch with us"},"content":{"rendered":"<p>[et_pb_section fb_built=&#8221;1&#8243; _builder_version=&#8221;4.27.0&#8243; _module_preset=&#8221;default&#8221; background_image=&#8221;https:\/\/nice-paneli.com\/wp-content\/uploads\/2024\/09\/01_6-Photo.jpg&#8221; parallax=&#8221;on&#8221; parallax_method=&#8221;off&#8221; global_colors_info=&#8221;{}&#8221;][et_pb_row _builder_version=&#8221;4.16&#8243; _module_preset=&#8221;default&#8221; global_colors_info=&#8221;{}&#8221;][et_pb_column type=&#8221;4_4&#8243; _builder_version=&#8221;4.16&#8243; _module_preset=&#8221;default&#8221; global_colors_info=&#8221;{}&#8221;][et_pb_text _builder_version=&#8221;4.17.3&#8243; _module_preset=&#8221;default&#8221; text_font=&#8221;|700|||||||&#8221; text_text_color=&#8221;gcid-f452cbb7-2d0e-4e54-8cc0-32460ce57520&#8243; text_font_size=&#8221;24px&#8221; custom_margin=&#8221;||5px||false|false&#8221; global_colors_info=&#8221;{%22gcid-f452cbb7-2d0e-4e54-8cc0-32460ce57520%22:%91%22text_text_color%22%93}&#8221;]<\/p>\n<p>LET YOUR BUSINESS GROW<\/p>\n<p>[\/et_pb_text][et_pb_text module_class=&#8221;h1_home&#8221; _builder_version=&#8221;4.16&#8243; _module_preset=&#8221;default&#8221; header_font=&#8221;Work Sans|800||on|||||&#8221; header_text_color=&#8221;#ffffff&#8221; header_font_size=&#8221;80px&#8221; custom_margin=&#8221;||0px||false|false&#8221; header_font_size_tablet=&#8221;64px&#8221; header_font_size_phone=&#8221;48px&#8221; header_font_size_last_edited=&#8221;on|tablet&#8221; global_colors_info=&#8221;{}&#8221;]<\/p>\n<h1>CONTACT<\/h1>\n<p>[\/et_pb_text][\/et_pb_column][\/et_pb_row][\/et_pb_section][et_pb_section fb_built=&#8221;1&#8243; _builder_version=&#8221;4.16&#8243; _module_preset=&#8221;default&#8221; custom_padding=&#8221;0px||0px||true|false&#8221; global_colors_info=&#8221;{}&#8221;][et_pb_row column_structure=&#8221;2_5,3_5&#8243; make_equal=&#8221;on&#8221; module_class=&#8221;contact_v2_row&#8221; _builder_version=&#8221;4.16&#8243; _module_preset=&#8221;default&#8221; width=&#8221;100%&#8221; max_width=&#8221;100%&#8221; custom_padding=&#8221;0px||0px||true|false&#8221; global_colors_info=&#8221;{}&#8221;][et_pb_column type=&#8221;2_5&#8243; module_class=&#8221;contact_v2_column_1&#8243; _builder_version=&#8221;4.16&#8243; _module_preset=&#8221;default&#8221; custom_padding=&#8221;100px||100px|250px|true|false&#8221; custom_padding_tablet=&#8221;75px|50px|75px|50px|true|true&#8221; custom_padding_phone=&#8221;75px|35px|0px|35px|false|true&#8221; custom_padding_last_edited=&#8221;on|tablet&#8221; global_colors_info=&#8221;{}&#8221;][et_pb_text admin_label=&#8221;Text&#8221; _builder_version=&#8221;4.27.0&#8243; _module_preset=&#8221;default&#8221; text_font=&#8221;|700|||||||&#8221; text_text_color=&#8221;gcid-f452cbb7-2d0e-4e54-8cc0-32460ce57520&#8243; text_font_size=&#8221;24px&#8221; custom_margin=&#8221;||5px||false|false&#8221; global_colors_info=&#8221;{%22gcid-f452cbb7-2d0e-4e54-8cc0-32460ce57520%22:%91%22text_text_color%22%93}&#8221;]<\/p>\n<p>How can we help you?<\/p>\n<p>[\/et_pb_text][et_pb_text _builder_version=&#8221;4.16&#8243; _module_preset=&#8221;default&#8221; header_2_font=&#8221;|700|||||||&#8221; header_2_font_size=&#8221;46px&#8221; custom_margin=&#8221;||0px||false|false&#8221; header_2_font_size_tablet=&#8221;&#8221; header_2_font_size_phone=&#8221;34px&#8221; header_2_font_size_last_edited=&#8221;on|phone&#8221; global_colors_info=&#8221;{}&#8221;]<\/p>\n<h2>Success defined differently<\/h2>\n<p>[\/et_pb_text][et_pb_divider color=&#8221;gcid-f452cbb7-2d0e-4e54-8cc0-32460ce57520&#8243; divider_position=&#8221;center&#8221; divider_weight=&#8221;8px&#8221; _builder_version=&#8221;4.17.3&#8243; _module_preset=&#8221;default&#8221; width=&#8221;13%&#8221; custom_margin=&#8221;20px||35px|-50px|false|false&#8221; custom_margin_tablet=&#8221;|||0px|false|false&#8221; custom_margin_phone=&#8221;20px||35px|0px|false|false&#8221; custom_margin_last_edited=&#8221;on|tablet&#8221; global_colors_info=&#8221;{%22gcid-f452cbb7-2d0e-4e54-8cc0-32460ce57520%22:%91%22color%22%93}&#8221;][\/et_pb_divider][et_pb_blurb title=&#8221;Adresa&#8221; image=&#8221;https:\/\/nice-paneli.com\/wp-content\/uploads\/2024\/09\/check-1.png&#8221; icon_placement=&#8221;left&#8221; image_icon_width=&#8221;65px&#8221; content_max_width=&#8221;900px&#8221; image_icon_width_tablet=&#8221;65px&#8221; image_icon_width_phone=&#8221;50px&#8221; image_icon_width_last_edited=&#8221;on|phone&#8221; module_class=&#8221;blurb_contact_v1&#8243; _builder_version=&#8221;4.27.0&#8243; _module_preset=&#8221;default&#8221; header_font=&#8221;|700|||||||&#8221; header_font_size=&#8221;28px&#8221; body_text_color=&#8221;#000000&#8243; body_font_size=&#8221;16px&#8221; body_line_height=&#8221;1.6em&#8221; custom_padding=&#8221;35px||35px||true|false&#8221; custom_padding_tablet=&#8221;&#8221; custom_padding_phone=&#8221;|0px||0px|false|true&#8221; custom_padding_last_edited=&#8221;on|phone&#8221; animation=&#8221;off&#8221; header_font_size_tablet=&#8221;&#8221; header_font_size_phone=&#8221;24px&#8221; header_font_size_last_edited=&#8221;on|phone&#8221; image_max_width=&#8221;65px&#8221; image_max_width_tablet=&#8221;&#8221; image_max_width_phone=&#8221;50px&#8221; image_max_width_last_edited=&#8221;on|phone&#8221; global_colors_info=&#8221;{}&#8221;]<\/p>\n<p><span>Veliki Kablici 8,<\/span><br \/><span>80101 Livno,<\/span><br \/><span>Bosnia and Herzegovina<\/span><\/p>\n<p>[\/et_pb_blurb][et_pb_blurb title=&#8221;Telefon&#8221; image=&#8221;https:\/\/nice-paneli.com\/wp-content\/uploads\/2024\/09\/comment-yellow.png&#8221; icon_placement=&#8221;left&#8221; image_icon_width=&#8221;65px&#8221; content_max_width=&#8221;900px&#8221; image_icon_width_tablet=&#8221;65px&#8221; image_icon_width_phone=&#8221;50px&#8221; image_icon_width_last_edited=&#8221;on|phone&#8221; module_class=&#8221;blurb_contact_v1&#8243; _builder_version=&#8221;4.27.0&#8243; _module_preset=&#8221;default&#8221; header_font=&#8221;|700|||||||&#8221; header_font_size=&#8221;28px&#8221; body_text_color=&#8221;#000000&#8243; body_font_size=&#8221;16px&#8221; body_line_height=&#8221;1.6em&#8221; custom_padding=&#8221;15px||15px||true|false&#8221; custom_padding_tablet=&#8221;&#8221; custom_padding_phone=&#8221;0px|0px||0px|false|true&#8221; custom_padding_last_edited=&#8221;on|phone&#8221; animation=&#8221;off&#8221; header_font_size_tablet=&#8221;&#8221; header_font_size_phone=&#8221;24px&#8221; header_font_size_last_edited=&#8221;on|phone&#8221; image_max_width=&#8221;65px&#8221; image_max_width_tablet=&#8221;&#8221; image_max_width_phone=&#8221;50px&#8221; image_max_width_last_edited=&#8221;on|phone&#8221; global_colors_info=&#8221;{}&#8221;]<\/p>\n<p><span>+387 (0)63 385 308<\/span><br \/><span>+387 (0)63 486 185<\/span><br \/><span>+387 (0)63 342 584<\/span><\/p>\n<p>[\/et_pb_blurb][et_pb_blurb title=&#8221;E-mail&#8221; image=&#8221;https:\/\/nice-paneli.com\/wp-content\/uploads\/2024\/09\/arrow-right-1.png&#8221; icon_placement=&#8221;left&#8221; image_icon_width=&#8221;65px&#8221; content_max_width=&#8221;900px&#8221; image_icon_width_tablet=&#8221;65px&#8221; image_icon_width_phone=&#8221;50px&#8221; image_icon_width_last_edited=&#8221;on|phone&#8221; module_class=&#8221;blurb_contact_v1&#8243; _builder_version=&#8221;4.27.0&#8243; _module_preset=&#8221;default&#8221; header_font=&#8221;|700|||||||&#8221; header_font_size=&#8221;28px&#8221; body_text_color=&#8221;#000000&#8243; body_font_size=&#8221;16px&#8221; body_line_height=&#8221;1.6em&#8221; custom_padding=&#8221;15px||15px||true|false&#8221; custom_padding_tablet=&#8221;&#8221; custom_padding_phone=&#8221;0px|0px||0px|false|true&#8221; custom_padding_last_edited=&#8221;on|phone&#8221; animation=&#8221;off&#8221; header_font_size_tablet=&#8221;&#8221; header_font_size_phone=&#8221;24px&#8221; header_font_size_last_edited=&#8221;on|phone&#8221; image_max_width=&#8221;65px&#8221; image_max_width_tablet=&#8221;&#8221; image_max_width_phone=&#8221;50px&#8221; image_max_width_last_edited=&#8221;on|phone&#8221; global_colors_info=&#8221;{}&#8221;]<\/p>\n<p><span>nice.paneli@gmail.com<\/span><\/p>\n<p>[\/et_pb_blurb][\/et_pb_column][et_pb_column type=&#8221;3_5&#8243; module_class=&#8221;contact_v2_column_2&#8243; _builder_version=&#8221;4.16&#8243; _module_preset=&#8221;default&#8221; background_color=&#8221;#f7f9ff&#8221; background_color_gradient_direction=&#8221;135deg&#8221; custom_padding=&#8221;125px|400px|125px|100px|true|false&#8221; custom_padding_tablet=&#8221;75px|75px|75px|75px|true|true&#8221; custom_padding_phone=&#8221;50px|35px|50px|35px|true|true&#8221; custom_padding_last_edited=&#8221;on|phone&#8221; global_colors_info=&#8221;{}&#8221;][et_pb_text _builder_version=&#8221;4.16&#8243; _module_preset=&#8221;default&#8221; header_3_font=&#8221;|700|||||||&#8221; header_3_text_align=&#8221;center&#8221; header_3_font_size=&#8221;46px&#8221; header_3_letter_spacing=&#8221;-1px&#8221; header_3_font_size_tablet=&#8221;&#8221; header_3_font_size_phone=&#8221;34px&#8221; header_3_font_size_last_edited=&#8221;on|phone&#8221; global_colors_info=&#8221;{}&#8221;]<\/p>\n<h3>Let&#039;s stay in touch<\/h3>\n<p>[\/et_pb_text][et_pb_text _builder_version=&#8221;4.16&#8243; _module_preset=&#8221;default&#8221; text_line_height=&#8221;1.8em&#8221; text_orientation=&#8221;center&#8221; text_font_size_tablet=&#8221;&#8221; text_font_size_phone=&#8221;16px&#8221; text_font_size_last_edited=&#8221;on|phone&#8221; global_colors_info=&#8221;{}&#8221;]<\/p>\n<p>Fill out the form and our employees will contact you as soon as possible\u00a0<\/p>\n<p>[\/et_pb_text][et_pb_contact_form captcha=&#8221;off&#8221; submit_button_text=&#8221;Po\u0161alji&#8221; _builder_version=&#8221;4.27.2&#8243; _module_preset=&#8221;default&#8221; _unique_id=&#8221;4e0cb1fa-c8a0-451f-995c-a655a00cdc55&#8243; form_field_background_color=&#8221;#ffffff&#8221; form_field_text_color=&#8221;#000000&#8243; form_field_focus_text_color=&#8221;#000000&#8243; custom_button=&#8221;on&#8221; button_text_size=&#8221;16px&#8221; button_text_color=&#8221;#ffffff&#8221; button_bg_use_color_gradient=&#8221;on&#8221; button_bg_color_gradient_stops=&#8221;gcid-3cf13b05-441f-4a04-90d1-eafe4f681c6e 0%|gcid-f452cbb7-2d0e-4e54-8cc0-32460ce57520 100%&#8221; button_bg_color_gradient_start=&#8221;#c1282a&#8221; button_bg_color_gradient_end=&#8221;#d1651a&#8221; button_border_width=&#8221;0px&#8221; button_font=&#8221;|700|||||||&#8221; button_use_icon=&#8221;off&#8221; hover_enabled=&#8221;0&#8243; border_radii=&#8221;on|5px|5px|5px|5px&#8221; border_width_all=&#8221;1px&#8221; border_color_all=&#8221;#d6d6d6&#8243; global_colors_info=&#8221;{%22gcid-f452cbb7-2d0e-4e54-8cc0-32460ce57520%22:%91%22button_bg_color_gradient_stops%22%93}&#8221; email=&#8221;nice.paneli@gmail.com&#8221; sticky_enabled=&#8221;0&#8243;][et_pb_contact_field field_id=&#8221;First_Name&#8221; field_title=&#8221;ime&#8221; _builder_version=&#8221;4.27.0&#8243; global_colors_info=&#8221;{}&#8221; button_text_size__hover_enabled=&#8221;off&#8221; button_one_text_size__hover_enabled=&#8221;off&#8221; button_two_text_size__hover_enabled=&#8221;off&#8221; button_text_color__hover_enabled=&#8221;off&#8221; button_one_text_color__hover_enabled=&#8221;off&#8221; button_two_text_color__hover_enabled=&#8221;off&#8221; button_border_width__hover_enabled=&#8221;off&#8221; button_one_border_width__hover_enabled=&#8221;off&#8221; button_two_border_width__hover_enabled=&#8221;off&#8221; button_border_color__hover_enabled=&#8221;off&#8221; button_one_border_color__hover_enabled=&#8221;off&#8221; button_two_border_color__hover_enabled=&#8221;off&#8221; button_border_radius__hover_enabled=&#8221;off&#8221; button_one_border_radius__hover_enabled=&#8221;off&#8221; button_two_border_radius__hover_enabled=&#8221;off&#8221; button_letter_spacing__hover_enabled=&#8221;off&#8221; button_one_letter_spacing__hover_enabled=&#8221;off&#8221; button_two_letter_spacing__hover_enabled=&#8221;off&#8221; button_bg_color__hover_enabled=&#8221;off&#8221; button_one_bg_color__hover_enabled=&#8221;off&#8221; button_two_bg_color__hover_enabled=&#8221;off&#8221;][\/et_pb_contact_field][et_pb_contact_field field_id=&#8221;Last_Name&#8221; field_title=&#8221;Prezime&#8221; _builder_version=&#8221;4.27.0&#8243; global_colors_info=&#8221;{}&#8221; button_text_size__hover_enabled=&#8221;off&#8221; button_one_text_size__hover_enabled=&#8221;off&#8221; button_two_text_size__hover_enabled=&#8221;off&#8221; button_text_color__hover_enabled=&#8221;off&#8221; button_one_text_color__hover_enabled=&#8221;off&#8221; button_two_text_color__hover_enabled=&#8221;off&#8221; button_border_width__hover_enabled=&#8221;off&#8221; button_one_border_width__hover_enabled=&#8221;off&#8221; button_two_border_width__hover_enabled=&#8221;off&#8221; button_border_color__hover_enabled=&#8221;off&#8221; button_one_border_color__hover_enabled=&#8221;off&#8221; button_two_border_color__hover_enabled=&#8221;off&#8221; button_border_radius__hover_enabled=&#8221;off&#8221; button_one_border_radius__hover_enabled=&#8221;off&#8221; button_two_border_radius__hover_enabled=&#8221;off&#8221; button_letter_spacing__hover_enabled=&#8221;off&#8221; button_one_letter_spacing__hover_enabled=&#8221;off&#8221; button_two_letter_spacing__hover_enabled=&#8221;off&#8221; button_bg_color__hover_enabled=&#8221;off&#8221; button_one_bg_color__hover_enabled=&#8221;off&#8221; button_two_bg_color__hover_enabled=&#8221;off&#8221;][\/et_pb_contact_field][et_pb_contact_field field_id=&#8221;Email&#8221; field_title=&#8221;Va\u0161 e-mail &#8221; field_type=&#8221;email&#8221; fullwidth_field=&#8221;on&#8221; _builder_version=&#8221;4.27.2&#8243; hover_enabled=&#8221;0&#8243; global_colors_info=&#8221;{}&#8221; button_text_size__hover_enabled=&#8221;off&#8221; button_one_text_size__hover_enabled=&#8221;off&#8221; button_two_text_size__hover_enabled=&#8221;off&#8221; button_text_color__hover_enabled=&#8221;off&#8221; button_one_text_color__hover_enabled=&#8221;off&#8221; button_two_text_color__hover_enabled=&#8221;off&#8221; button_border_width__hover_enabled=&#8221;off&#8221; button_one_border_width__hover_enabled=&#8221;off&#8221; button_two_border_width__hover_enabled=&#8221;off&#8221; button_border_color__hover_enabled=&#8221;off&#8221; button_one_border_color__hover_enabled=&#8221;off&#8221; button_two_border_color__hover_enabled=&#8221;off&#8221; button_border_radius__hover_enabled=&#8221;off&#8221; button_one_border_radius__hover_enabled=&#8221;off&#8221; button_two_border_radius__hover_enabled=&#8221;off&#8221; button_letter_spacing__hover_enabled=&#8221;off&#8221; button_one_letter_spacing__hover_enabled=&#8221;off&#8221; button_two_letter_spacing__hover_enabled=&#8221;off&#8221; button_bg_color__hover_enabled=&#8221;off&#8221; button_one_bg_color__hover_enabled=&#8221;off&#8221; button_two_bg_color__hover_enabled=&#8221;off&#8221; sticky_enabled=&#8221;0&#8243;][\/et_pb_contact_field][et_pb_contact_field field_id=&#8221;Phone&#8221; field_title=&#8221;Telefon&#8221; fullwidth_field=&#8221;on&#8221; _builder_version=&#8221;4.27.0&#8243; _module_preset=&#8221;default&#8221; global_colors_info=&#8221;{}&#8221;][\/et_pb_contact_field][et_pb_contact_field field_id=&#8221;Message&#8221; field_title=&#8221;Va\u0161a poruka&#8221; field_type=&#8221;text&#8221; fullwidth_field=&#8221;on&#8221; _builder_version=&#8221;4.27.0&#8243; _module_preset=&#8221;default&#8221; global_colors_info=&#8221;{}&#8221;][\/et_pb_contact_field][\/et_pb_contact_form][\/et_pb_column][\/et_pb_row][\/et_pb_section][et_pb_section fb_built=&#8221;1&#8243; fullwidth=&#8221;on&#8221; _builder_version=&#8221;4.16&#8243; _module_preset=&#8221;default&#8221; global_colors_info=&#8221;{}&#8221;][et_pb_fullwidth_map address=&#8221;Livno&#8221; zoom_level=&#8221;13&#8243; address_lat=&#8221;32.715738&#8243; address_lng=&#8221;-117.1610838&#8243; _builder_version=&#8221;4.27.2&#8243; _module_preset=&#8221;default&#8221; child_filter_saturate=&#8221;18%&#8221; hover_enabled=&#8221;0&#8243; global_colors_info=&#8221;{}&#8221; sticky_enabled=&#8221;0&#8243;][\/et_pb_fullwidth_map][\/et_pb_section]<\/p>","protected":false},"excerpt":{"rendered":"<p>NEKA VA\u0160 POSAO RASTEKONTAKTKako Vam mo\u017eemo pomo\u0107i?Uspjeh definiran na druga\u010diji na\u010dinVeliki Kabli\u0107i 8,80101 Livno,Bosna i Hercegovina+387 (0)63 385 308+387 (0)63 486 185+387 (0)63 342 584nice.paneli@gmail.comOstanimo u kontaktuPopunite formular i na\u0161i djelatnici \u0107e vam se javiti u najkra\u0107em mogu\u0107em roku\u00a0<\/p>","protected":false},"author":1,"featured_media":0,"parent":0,"menu_order":0,"comment_status":"closed","ping_status":"closed","template":"","meta":{"_acf_changed":false,"_et_pb_use_builder":"on","_et_pb_old_content":"","_et_gb_content_width":"","footnotes":""},"class_list":["post-93490","page","type-page","status-publish","hentry"],"acf":[],"yoast_head":"<!-- This site is optimized with the Yoast SEO plugin v24.3 - https:\/\/yoast.com\/wordpress\/plugins\/seo\/ -->\n<title>Javite nam se - Vrhunski PVC paneli: Nice-paneli<\/title>\n<meta name=\"robots\" content=\"index, follow, max-snippet:-1, max-image-preview:large, max-video-preview:-1\" \/>\n<link rel=\"canonical\" href=\"https:\/\/nice-paneli.com\/en\/kontakt\/\" \/>\n<meta property=\"og:locale\" content=\"en_US\" \/>\n<meta property=\"og:type\" content=\"article\" \/>\n<meta property=\"og:title\" content=\"Javite nam se - Vrhunski PVC paneli: Nice-paneli\" \/>\n<meta property=\"og:description\" content=\"NEKA VA\u0160 POSAO RASTEKONTAKTKako Vam mo\u017eemo pomo\u0107i?Uspjeh definiran na druga\u010diji na\u010dinVeliki Kabli\u0107i 8,80101 Livno,Bosna i Hercegovina+387 (0)63 385 308+387 (0)63 486 185+387 (0)63 342 584nice.paneli@gmail.comOstanimo u kontaktuPopunite formular i na\u0161i djelatnici \u0107e vam se javiti u najkra\u0107em mogu\u0107em roku\u00a0\" \/>\n<meta property=\"og:url\" content=\"https:\/\/nice-paneli.com\/en\/kontakt\/\" \/>\n<meta property=\"og:site_name\" content=\"Vrhunski PVC paneli: Nice-paneli\" \/>\n<meta property=\"article:modified_time\" content=\"2025-01-26T22:35:20+00:00\" \/>\n<meta name=\"twitter:card\" content=\"summary_large_image\" \/>\n<meta name=\"twitter:label1\" content=\"Est. reading time\" \/>\n\t<meta name=\"twitter:data1\" content=\"9 minutes\" \/>\n<script type=\"application\/ld+json\" class=\"yoast-schema-graph\">{\"@context\":\"https:\/\/schema.org\",\"@graph\":[{\"@type\":\"WebPage\",\"@id\":\"https:\/\/nice-paneli.com\/kontakt\/\",\"url\":\"https:\/\/nice-paneli.com\/kontakt\/\",\"name\":\"Javite nam se - Vrhunski PVC paneli: Nice-paneli\",\"isPartOf\":{\"@id\":\"https:\/\/nice-paneli.com\/de\/#website\"},\"datePublished\":\"2024-09-17T05:07:56+00:00\",\"dateModified\":\"2025-01-26T22:35:20+00:00\",\"breadcrumb\":{\"@id\":\"https:\/\/nice-paneli.com\/kontakt\/#breadcrumb\"},\"inLanguage\":\"en-US\",\"potentialAction\":[{\"@type\":\"ReadAction\",\"target\":[\"https:\/\/nice-paneli.com\/kontakt\/\"]}]},{\"@type\":\"BreadcrumbList\",\"@id\":\"https:\/\/nice-paneli.com\/kontakt\/#breadcrumb\",\"itemListElement\":[{\"@type\":\"ListItem\",\"position\":1,\"name\":\"Home\",\"item\":\"https:\/\/nice-paneli.com\/\"},{\"@type\":\"ListItem\",\"position\":2,\"name\":\"Javite nam se\"}]},{\"@type\":\"WebSite\",\"@id\":\"https:\/\/nice-paneli.com\/de\/#website\",\"url\":\"https:\/\/nice-paneli.com\/de\/\",\"name\":\"Vrhunski PVC paneli: Nice-paneli\",\"description\":\"TOP PVC, ALU i HLP paneli za va\u0161 dom ili poslovni prostor\",\"publisher\":{\"@id\":\"https:\/\/nice-paneli.com\/de\/#organization\"},\"potentialAction\":[{\"@type\":\"SearchAction\",\"target\":{\"@type\":\"EntryPoint\",\"urlTemplate\":\"https:\/\/nice-paneli.com\/de\/?s={search_term_string}\"},\"query-input\":{\"@type\":\"PropertyValueSpecification\",\"valueRequired\":true,\"valueName\":\"search_term_string\"}}],\"inLanguage\":\"en-US\"},{\"@type\":\"Organization\",\"@id\":\"https:\/\/nice-paneli.com\/de\/#organization\",\"name\":\"Vrhunski PVC paneli: Nice-paneli\",\"url\":\"https:\/\/nice-paneli.com\/de\/\",\"logo\":{\"@type\":\"ImageObject\",\"inLanguage\":\"en-US\",\"@id\":\"https:\/\/nice-paneli.com\/de\/#\/schema\/logo\/image\/\",\"url\":\"https:\/\/nice-paneli.com\/wp-content\/uploads\/2025\/01\/android-chrome-512x512-1.png\",\"contentUrl\":\"https:\/\/nice-paneli.com\/wp-content\/uploads\/2025\/01\/android-chrome-512x512-1.png\",\"width\":512,\"height\":512,\"caption\":\"Vrhunski PVC paneli: Nice-paneli\"},\"image\":{\"@id\":\"https:\/\/nice-paneli.com\/de\/#\/schema\/logo\/image\/\"}}]}<\/script>\n<!-- \/ Yoast SEO plugin. -->","yoast_head_json":{"title":"Javite nam se - Vrhunski PVC paneli: Nice-paneli","robots":{"index":"index","follow":"follow","max-snippet":"max-snippet:-1","max-image-preview":"max-image-preview:large","max-video-preview":"max-video-preview:-1"},"canonical":"https:\/\/nice-paneli.com\/en\/kontakt\/","og_locale":"en_US","og_type":"article","og_title":"Javite nam se - Vrhunski PVC paneli: Nice-paneli","og_description":"NEKA VA\u0160 POSAO RASTEKONTAKTKako Vam mo\u017eemo pomo\u0107i?Uspjeh definiran na druga\u010diji na\u010dinVeliki Kabli\u0107i 8,80101 Livno,Bosna i Hercegovina+387 (0)63 385 308+387 (0)63 486 185+387 (0)63 342 584nice.paneli@gmail.comOstanimo u kontaktuPopunite formular i na\u0161i djelatnici \u0107e vam se javiti u najkra\u0107em mogu\u0107em roku\u00a0","og_url":"https:\/\/nice-paneli.com\/en\/kontakt\/","og_site_name":"Vrhunski PVC paneli: Nice-paneli","article_modified_time":"2025-01-26T22:35:20+00:00","twitter_card":"summary_large_image","twitter_misc":{"Est. reading time":"9 minutes"},"schema":{"@context":"https:\/\/schema.org","@graph":[{"@type":"WebPage","@id":"https:\/\/nice-paneli.com\/kontakt\/","url":"https:\/\/nice-paneli.com\/kontakt\/","name":"Javite nam se - Vrhunski PVC paneli: Nice-paneli","isPartOf":{"@id":"https:\/\/nice-paneli.com\/de\/#website"},"datePublished":"2024-09-17T05:07:56+00:00","dateModified":"2025-01-26T22:35:20+00:00","breadcrumb":{"@id":"https:\/\/nice-paneli.com\/kontakt\/#breadcrumb"},"inLanguage":"en-US","potentialAction":[{"@type":"ReadAction","target":["https:\/\/nice-paneli.com\/kontakt\/"]}]},{"@type":"BreadcrumbList","@id":"https:\/\/nice-paneli.com\/kontakt\/#breadcrumb","itemListElement":[{"@type":"ListItem","position":1,"name":"Home","item":"https:\/\/nice-paneli.com\/"},{"@type":"ListItem","position":2,"name":"Javite nam se"}]},{"@type":"WebSite","@id":"https:\/\/nice-paneli.com\/de\/#website","url":"https:\/\/nice-paneli.com\/de\/","name":"Vrhunski PVC paneli: Nice-paneli","description":"TOP PVC, ALU i HLP paneli za va\u0161 dom ili poslovni prostor","publisher":{"@id":"https:\/\/nice-paneli.com\/de\/#organization"},"potentialAction":[{"@type":"SearchAction","target":{"@type":"EntryPoint","urlTemplate":"https:\/\/nice-paneli.com\/de\/?s={search_term_string}"},"query-input":{"@type":"PropertyValueSpecification","valueRequired":true,"valueName":"search_term_string"}}],"inLanguage":"en-US"},{"@type":"Organization","@id":"https:\/\/nice-paneli.com\/de\/#organization","name":"Vrhunski PVC paneli: Nice-paneli","url":"https:\/\/nice-paneli.com\/de\/","logo":{"@type":"ImageObject","inLanguage":"en-US","@id":"https:\/\/nice-paneli.com\/de\/#\/schema\/logo\/image\/","url":"https:\/\/nice-paneli.com\/wp-content\/uploads\/2025\/01\/android-chrome-512x512-1.png","contentUrl":"https:\/\/nice-paneli.com\/wp-content\/uploads\/2025\/01\/android-chrome-512x512-1.png","width":512,"height":512,"caption":"Vrhunski PVC paneli: Nice-paneli"},"image":{"@id":"https:\/\/nice-paneli.com\/de\/#\/schema\/logo\/image\/"}}]}},"_links":{"self":[{"href":"https:\/\/nice-paneli.com\/en\/wp-json\/wp\/v2\/pages\/93490","targetHints":{"allow":["GET"]}}],"collection":[{"href":"https:\/\/nice-paneli.com\/en\/wp-json\/wp\/v2\/pages"}],"about":[{"href":"https:\/\/nice-paneli.com\/en\/wp-json\/wp\/v2\/types\/page"}],"author":[{"embeddable":true,"href":"https:\/\/nice-paneli.com\/en\/wp-json\/wp\/v2\/users\/1"}],"replies":[{"embeddable":true,"href":"https:\/\/nice-paneli.com\/en\/wp-json\/wp\/v2\/comments?post=93490"}],"version-history":[{"count":13,"href":"https:\/\/nice-paneli.com\/en\/wp-json\/wp\/v2\/pages\/93490\/revisions"}],"predecessor-version":[{"id":103222,"href":"https:\/\/nice-paneli.com\/en\/wp-json\/wp\/v2\/pages\/93490\/revisions\/103222"}],"wp:attachment":[{"href":"https:\/\/nice-paneli.com\/en\/wp-json\/wp\/v2\/media?parent=93490"}],"curies":[{"name":"wp","href":"https:\/\/api.w.org\/{rel}","templated":true}]}}